{"id":2144,"date":"2020-11-01T17:42:51","date_gmt":"2020-11-01T16:42:51","guid":{"rendered":"https:\/\/www.vaga-camp.com\/?page_id=2144"},"modified":"2025-02-08T18:44:07","modified_gmt":"2025-02-08T17:44:07","slug":"about-us","status":"publish","type":"page","link":"https:\/\/www.vaga-camp.com\/en\/about-us\/","title":{"rendered":"About us"},"content":{"rendered":"\t\t<div data-elementor-type=\"wp-page\" data-elementor-id=\"2144\" class=\"elementor elementor-2144 elementor-486\" data-elementor-post-type=\"page\">\n\t\t\t\t\t\t<section class=\"elementor-section elementor-top-section elementor-element elementor-element-7fccf846 elementor-section-boxed elementor-section-height-default elementor-section-height-default\" data-id=\"7fccf846\" data-element_type=\"section\" data-e-type=\"section\">\n\t\t\t\t\t\t<div class=\"elementor-container elementor-column-gap-default\">\n\t\t\t\t\t<div class=\"elementor-column elementor-col-100 elementor-top-column elementor-element elementor-element-5aedb76b\" data-id=\"5aedb76b\" data-element_type=\"column\" data-e-type=\"column\">\n\t\t\t<div class=\"elementor-widget-wrap elementor-element-populated\">\n\t\t\t\t\t\t<div class=\"elementor-element elementor-element-149cab4 elementor-widget elementor-widget-heading\" data-id=\"149cab4\" data-element_type=\"widget\" data-e-type=\"widget\" data-widget_type=\"heading.default\">\n\t\t\t\t<div class=\"elementor-widget-container\">\n\t\t\t\t\t<h1 class=\"elementor-heading-title elementor-size-default\">About Us<\/h1>\t\t\t\t<\/div>\n\t\t\t\t<\/div>\n\t\t\t\t<div class=\"elementor-element elementor-element-b92422a elementor-widget elementor-widget-heading\" data-id=\"b92422a\" data-element_type=\"widget\" data-e-type=\"widget\" data-widget_type=\"heading.default\">\n\t\t\t\t<div class=\"elementor-widget-container\">\n\t\t\t\t\t<h2 class=\"elementor-heading-title elementor-size-default\">We are women. We are strong, but also fragile inside. <\/h2>\t\t\t\t<\/div>\n\t\t\t\t<\/div>\n\t\t\t\t<section class=\"elementor-section elementor-inner-section elementor-element elementor-element-f31b657 elementor-section-boxed elementor-section-height-default elementor-section-height-default\" data-id=\"f31b657\" data-element_type=\"section\" data-e-type=\"section\">\n\t\t\t\t\t\t<div class=\"elementor-container elementor-column-gap-default\">\n\t\t\t\t\t<div class=\"elementor-column elementor-col-50 elementor-inner-column elementor-element elementor-element-3de27d3\" data-id=\"3de27d3\" data-element_type=\"column\" data-e-type=\"column\">\n\t\t\t<div class=\"elementor-widget-wrap elementor-element-populated\">\n\t\t\t\t\t\t<div class=\"elementor-element elementor-element-5dd27378 elementor-widget elementor-widget-text-editor\" data-id=\"5dd27378\" data-element_type=\"widget\" data-e-type=\"widget\" data-widget_type=\"text-editor.default\">\n\t\t\t\t<div class=\"elementor-widget-container\">\n\t\t\t\t\t\t\t\t\t\n<p>We search for inspiration in strong women, who run ultra-marathons and long trail runs such as Lenka Vacval.<\/p>\n<p>We admire Lucy Walker, who in 1871 wearing her favorite long dress and hobnail boots, as a proper Victorian lady, sat smiling on the Matterhorn. She was the first woman on this summit of this icon mountain.<\/p>\n<p>We als admire beautiful and brave Vlasta \u0160t\u00e1flov\u00e1, the female Czech mountaineer and writer, who in 1929 climbed the Needle of Mount Patria hidden in the High Tatras. This unique needle of Mount Patria was later named for here, Vlasta\u00b4s tower.<\/p>\n<p>Because through the years, women from different generations and locations have proven their strength and independence. And the strong women in \u010ci\u010dmany painted a white geometrical ornamentation on their houses. To protect them against the effect of sunrays. To keep them for the future.<\/p>\n<p>And we admire Coco Chanel, who once said: \u201e Beauty begins the moment you decide to be yourself.\u201c<\/p>\n\n<figure class=\"wp-block-image size-large\"><\/figure>\n\t\t\t\t\t\t\t\t<\/div>\n\t\t\t\t<\/div>\n\t\t\t\t\t<\/div>\n\t\t<\/div>\n\t\t\t\t<div class=\"elementor-column elementor-col-50 elementor-inner-column elementor-element elementor-element-834a086\" data-id=\"834a086\" data-element_type=\"column\" data-e-type=\"column\">\n\t\t\t<div class=\"elementor-widget-wrap elementor-element-populated\">\n\t\t\t\t\t\t<div class=\"elementor-element elementor-element-19a2e5d elementor-widget elementor-widget-heading\" data-id=\"19a2e5d\" data-element_type=\"widget\" data-e-type=\"widget\" data-widget_type=\"heading.default\">\n\t\t\t\t<div class=\"elementor-widget-container\">\n\t\t\t\t\t<h3 class=\"elementor-heading-title elementor-size-default\">Who we are?<\/h3>\t\t\t\t<\/div>\n\t\t\t\t<\/div>\n\t\t\t\t<div class=\"elementor-element elementor-element-1bf3ffe elementor-widget elementor-widget-text-editor\" data-id=\"1bf3ffe\" data-element_type=\"widget\" data-e-type=\"widget\" data-widget_type=\"text-editor.default\">\n\t\t\t\t<div class=\"elementor-widget-container\">\n\t\t\t\t\t\t\t\t\t<p>We are Gabriela and Valeria, <strong>two certified running and fitness coaches<\/strong> (Girls Gone Strong Certified Women&#8217;s Coaching Specialists\u00ae), <strong>power and hatha yoga instructors<\/strong> (RYT200\u00ae Yoga Alliance) and <strong>hiking guides<\/strong>.<\/p><p>We have developed an active programme (<strong>unique methodology VOWSTRIDE\u00ae<\/strong>), which is a combination of hiking, running\/walking, fitness training, power yoga\/yoga sculpt and workouts especially for women (special core training, pelvic floor training), relaxation and regeneration on beautiful beaches, and the energy of the so-called Blue Zone region of Crete.<\/p><p>All workouts are <strong>for beginners and slightly advanced women<\/strong>, for women who want to exercise, hike and generally be more active but don&#8217;t know how to get started. As well as for women <strong>who start again and again and don&#8217;t know how to keep going.<\/strong><\/p><p>We will guide and motivate you <strong>step by step to fall in love with exercise and make it a regular and integral part of your life.<\/strong> Exercise is very important for us women; it helps us cope with challenging situations with ease and has a wide range of health benefits.<\/p><p>We have experienced all of this first-hand. We provide guidance on how we did it and <strong>what we did to move forward<\/strong>. We spread the hope that <strong>anything is possible and that each of us can create our own happiness<\/strong>.<\/p><p>We guide our participants (mostly aged 35\/40+, but we have also had participants in their 60s) to exercise and eat healthily, <strong>not just to be slim, but above all to be healthy, fit, sexy, active and full of energy well into old age<\/strong>!<\/p><p>By women for women. That&#8217;s what we mean, and we want you to <b>feel reborn after your stay in Crete<\/b> and believe that travelling and sport can change your whole life. We want to help you <strong>become extraordinary<\/strong>.<\/p><p><strong>Our unique methodology VOWSTRIDE\u00ae consist of:<\/strong><\/p><ul><li>VOW Strength training<\/li><li>VOW Power yoga<\/li><li>VOW Yoga sculpt<\/li><li>VOW Core and pelvic floor training<\/li><li>VOW Coaching and mentoring<\/li><li>Speed hiking<\/li><li>Running and walking<\/li><li>VOW Meditation<\/li><li>VOW Breathing techniques<\/li><\/ul><p>We are here for you.<\/p><p><strong>Let&#8217;s VOW with us!<\/strong><\/p><p>Gabriela&amp;Valeria<\/p><figure class=\"wp-block-image size-large\"><\/figure>\t\t\t\t\t\t\t\t<\/div>\n\t\t\t\t<\/div>\n\t\t\t\t\t<\/div>\n\t\t<\/div>\n\t\t\t\t\t<\/div>\n\t\t<\/section>\n\t\t\t\t<div class=\"elementor-element elementor-element-5f105bf elementor-widget elementor-widget-image\" data-id=\"5f105bf\" data-element_type=\"widget\" data-e-type=\"widget\" data-widget_type=\"image.default\">\n\t\t\t\t<div class=\"elementor-widget-container\">\n\t\t\t\t\t\t\t\t\t\t\t\t\t\t\t<img fetchpriority=\"high\" decoding=\"async\" width=\"800\" height=\"533\" src=\"https:\/\/www.vaga-camp.com\/wp-content\/uploads\/About-Us-VaGa-Camp-1.jpg\" class=\"attachment-large size-large wp-image-4364\" alt=\"About Us - VaGa Camp\" srcset=\"https:\/\/www.vaga-camp.com\/wp-content\/uploads\/About-Us-VaGa-Camp-1.jpg 800w, https:\/\/www.vaga-camp.com\/wp-content\/uploads\/About-Us-VaGa-Camp-1-600x400.jpg 600w, https:\/\/www.vaga-camp.com\/wp-content\/uploads\/About-Us-VaGa-Camp-1-300x200.jpg 300w, https:\/\/www.vaga-camp.com\/wp-content\/uploads\/About-Us-VaGa-Camp-1-768x512.jpg 768w\" sizes=\"(max-width: 800px) 100vw, 800px\" \/>\t\t\t\t\t\t\t\t\t\t\t\t\t\t\t<\/div>\n\t\t\t\t<\/div>\n\t\t\t\t\t<\/div>\n\t\t<\/div>\n\t\t\t\t\t<\/div>\n\t\t<\/section>\n\t\t\t\t<\/div>\n\t\t","protected":false},"excerpt":{"rendered":"<p>About Us We are women. We are strong, but also fragile inside. We search for inspiration in strong women, who run ultra-marathons and long trail runs such as Lenka Vacval. We admire Lucy Walker, who in 1871 wearing her favorite long dress and hobnail boots, as a proper Victorian lady, sat smiling on the Matterhorn. [&hellip;]<\/p>\n","protected":false},"author":1,"featured_media":0,"parent":0,"menu_order":0,"comment_status":"closed","ping_status":"closed","template":"elementor_header_footer","meta":{"_monsterinsights_skip_tracking":false,"_monsterinsights_sitenote_active":false,"_monsterinsights_sitenote_note":"","_monsterinsights_sitenote_category":0,"footnotes":""},"class_list":["post-2144","page","type-page","status-publish","hentry"],"blocksy_meta":{"styles_descriptor":{"styles":{"desktop":"","tablet":"","mobile":""},"google_fonts":[],"version":6}},"yoast_head":"<!-- This site is optimized with the Yoast SEO plugin v26.8 - https:\/\/yoast.com\/product\/yoast-seo-wordpress\/ -->\n<title>About us - VaGa Camp<\/title>\n<meta name=\"description\" content=\"We are two woman and we want to help you become extraordinary.\" \/>\n<meta name=\"robots\" content=\"index, follow, max-snippet:-1, max-image-preview:large, max-video-preview:-1\" \/>\n<link rel=\"canonical\" href=\"https:\/\/www.vaga-camp.com\/en\/about-us\/\" \/>\n<meta property=\"og:locale\" content=\"en_US\" \/>\n<meta property=\"og:type\" content=\"article\" \/>\n<meta property=\"og:title\" content=\"About us - VaGa Camp\" \/>\n<meta property=\"og:description\" content=\"We are two woman and we want to help you become extraordinary.\" \/>\n<meta property=\"og:url\" content=\"https:\/\/www.vaga-camp.com\/en\/about-us\/\" \/>\n<meta property=\"og:site_name\" content=\"VaGa Camp\" \/>\n<meta property=\"article:modified_time\" content=\"2025-02-08T17:44:07+00:00\" \/>\n<meta property=\"og:image\" content=\"https:\/\/www.vaga-camp.com\/wp-content\/uploads\/About-Us-VaGa-Camp-1.jpg\" \/>\n<meta name=\"twitter:card\" content=\"summary_large_image\" \/>\n<meta name=\"twitter:label1\" content=\"Est. reading time\" \/>\n\t<meta name=\"twitter:data1\" content=\"3 minutes\" \/>\n<script type=\"application\/ld+json\" class=\"yoast-schema-graph\">{\"@context\":\"https:\/\/schema.org\",\"@graph\":[{\"@type\":\"WebPage\",\"@id\":\"https:\/\/www.vaga-camp.com\/en\/about-us\/\",\"url\":\"https:\/\/www.vaga-camp.com\/en\/about-us\/\",\"name\":\"About us - VaGa Camp\",\"isPartOf\":{\"@id\":\"https:\/\/www.vaga-camp.com\/#website\"},\"primaryImageOfPage\":{\"@id\":\"https:\/\/www.vaga-camp.com\/en\/about-us\/#primaryimage\"},\"image\":{\"@id\":\"https:\/\/www.vaga-camp.com\/en\/about-us\/#primaryimage\"},\"thumbnailUrl\":\"https:\/\/www.vaga-camp.com\/wp-content\/uploads\/About-Us-VaGa-Camp-1.jpg\",\"datePublished\":\"2020-11-01T16:42:51+00:00\",\"dateModified\":\"2025-02-08T17:44:07+00:00\",\"description\":\"We are two woman and we want to help you become extraordinary.\",\"breadcrumb\":{\"@id\":\"https:\/\/www.vaga-camp.com\/en\/about-us\/#breadcrumb\"},\"inLanguage\":\"en-US\",\"potentialAction\":[{\"@type\":\"ReadAction\",\"target\":[\"https:\/\/www.vaga-camp.com\/en\/about-us\/\"]}]},{\"@type\":\"ImageObject\",\"inLanguage\":\"en-US\",\"@id\":\"https:\/\/www.vaga-camp.com\/en\/about-us\/#primaryimage\",\"url\":\"https:\/\/www.vaga-camp.com\/wp-content\/uploads\/About-Us-VaGa-Camp-1.jpg\",\"contentUrl\":\"https:\/\/www.vaga-camp.com\/wp-content\/uploads\/About-Us-VaGa-Camp-1.jpg\"},{\"@type\":\"BreadcrumbList\",\"@id\":\"https:\/\/www.vaga-camp.com\/en\/about-us\/#breadcrumb\",\"itemListElement\":[{\"@type\":\"ListItem\",\"position\":1,\"name\":\"Domovsk\u00e1 str\u00e1nka\",\"item\":\"https:\/\/www.vaga-camp.com\/en\/\"},{\"@type\":\"ListItem\",\"position\":2,\"name\":\"About us\"}]},{\"@type\":\"WebSite\",\"@id\":\"https:\/\/www.vaga-camp.com\/#website\",\"url\":\"https:\/\/www.vaga-camp.com\/\",\"name\":\"VaGa Camp\",\"description\":\"Sta\u0148 sa extr\u00e9mne v\u00fdnimo\u010dnou \u017eenou na v\u00fdnimo\u010dnom mieste\",\"publisher\":{\"@id\":\"https:\/\/www.vaga-camp.com\/#organization\"},\"potentialAction\":[{\"@type\":\"SearchAction\",\"target\":{\"@type\":\"EntryPoint\",\"urlTemplate\":\"https:\/\/www.vaga-camp.com\/?s={search_term_string}\"},\"query-input\":{\"@type\":\"PropertyValueSpecification\",\"valueRequired\":true,\"valueName\":\"search_term_string\"}}],\"inLanguage\":\"en-US\"},{\"@type\":\"Organization\",\"@id\":\"https:\/\/www.vaga-camp.com\/#organization\",\"name\":\"VaGa Agency\",\"url\":\"https:\/\/www.vaga-camp.com\/\",\"logo\":{\"@type\":\"ImageObject\",\"inLanguage\":\"en-US\",\"@id\":\"https:\/\/www.vaga-camp.com\/#\/schema\/logo\/image\/\",\"url\":\"https:\/\/www.vaga-camp.com\/wp-content\/uploads\/VaGa-Camp-1.png\",\"contentUrl\":\"https:\/\/www.vaga-camp.com\/wp-content\/uploads\/VaGa-Camp-1.png\",\"width\":500,\"height\":500,\"caption\":\"VaGa Agency\"},\"image\":{\"@id\":\"https:\/\/www.vaga-camp.com\/#\/schema\/logo\/image\/\"}}]}<\/script>\n<!-- \/ Yoast SEO plugin. -->","yoast_head_json":{"title":"About us - VaGa Camp","description":"We are two woman and we want to help you become extraordinary.","robots":{"index":"index","follow":"follow","max-snippet":"max-snippet:-1","max-image-preview":"max-image-preview:large","max-video-preview":"max-video-preview:-1"},"canonical":"https:\/\/www.vaga-camp.com\/en\/about-us\/","og_locale":"en_US","og_type":"article","og_title":"About us - VaGa Camp","og_description":"We are two woman and we want to help you become extraordinary.","og_url":"https:\/\/www.vaga-camp.com\/en\/about-us\/","og_site_name":"VaGa Camp","article_modified_time":"2025-02-08T17:44:07+00:00","og_image":[{"url":"https:\/\/www.vaga-camp.com\/wp-content\/uploads\/About-Us-VaGa-Camp-1.jpg","type":"","width":"","height":""}],"twitter_card":"summary_large_image","twitter_misc":{"Est. reading time":"3 minutes"},"schema":{"@context":"https:\/\/schema.org","@graph":[{"@type":"WebPage","@id":"https:\/\/www.vaga-camp.com\/en\/about-us\/","url":"https:\/\/www.vaga-camp.com\/en\/about-us\/","name":"About us - VaGa Camp","isPartOf":{"@id":"https:\/\/www.vaga-camp.com\/#website"},"primaryImageOfPage":{"@id":"https:\/\/www.vaga-camp.com\/en\/about-us\/#primaryimage"},"image":{"@id":"https:\/\/www.vaga-camp.com\/en\/about-us\/#primaryimage"},"thumbnailUrl":"https:\/\/www.vaga-camp.com\/wp-content\/uploads\/About-Us-VaGa-Camp-1.jpg","datePublished":"2020-11-01T16:42:51+00:00","dateModified":"2025-02-08T17:44:07+00:00","description":"We are two woman and we want to help you become extraordinary.","breadcrumb":{"@id":"https:\/\/www.vaga-camp.com\/en\/about-us\/#breadcrumb"},"inLanguage":"en-US","potentialAction":[{"@type":"ReadAction","target":["https:\/\/www.vaga-camp.com\/en\/about-us\/"]}]},{"@type":"ImageObject","inLanguage":"en-US","@id":"https:\/\/www.vaga-camp.com\/en\/about-us\/#primaryimage","url":"https:\/\/www.vaga-camp.com\/wp-content\/uploads\/About-Us-VaGa-Camp-1.jpg","contentUrl":"https:\/\/www.vaga-camp.com\/wp-content\/uploads\/About-Us-VaGa-Camp-1.jpg"},{"@type":"BreadcrumbList","@id":"https:\/\/www.vaga-camp.com\/en\/about-us\/#breadcrumb","itemListElement":[{"@type":"ListItem","position":1,"name":"Domovsk\u00e1 str\u00e1nka","item":"https:\/\/www.vaga-camp.com\/en\/"},{"@type":"ListItem","position":2,"name":"About us"}]},{"@type":"WebSite","@id":"https:\/\/www.vaga-camp.com\/#website","url":"https:\/\/www.vaga-camp.com\/","name":"VaGa Camp","description":"Sta\u0148 sa extr\u00e9mne v\u00fdnimo\u010dnou \u017eenou na v\u00fdnimo\u010dnom mieste","publisher":{"@id":"https:\/\/www.vaga-camp.com\/#organization"},"potentialAction":[{"@type":"SearchAction","target":{"@type":"EntryPoint","urlTemplate":"https:\/\/www.vaga-camp.com\/?s={search_term_string}"},"query-input":{"@type":"PropertyValueSpecification","valueRequired":true,"valueName":"search_term_string"}}],"inLanguage":"en-US"},{"@type":"Organization","@id":"https:\/\/www.vaga-camp.com\/#organization","name":"VaGa Agency","url":"https:\/\/www.vaga-camp.com\/","logo":{"@type":"ImageObject","inLanguage":"en-US","@id":"https:\/\/www.vaga-camp.com\/#\/schema\/logo\/image\/","url":"https:\/\/www.vaga-camp.com\/wp-content\/uploads\/VaGa-Camp-1.png","contentUrl":"https:\/\/www.vaga-camp.com\/wp-content\/uploads\/VaGa-Camp-1.png","width":500,"height":500,"caption":"VaGa Agency"},"image":{"@id":"https:\/\/www.vaga-camp.com\/#\/schema\/logo\/image\/"}}]}},"_links":{"self":[{"href":"https:\/\/www.vaga-camp.com\/en\/wp-json\/wp\/v2\/pages\/2144","targetHints":{"allow":["GET"]}}],"collection":[{"href":"https:\/\/www.vaga-camp.com\/en\/wp-json\/wp\/v2\/pages"}],"about":[{"href":"https:\/\/www.vaga-camp.com\/en\/wp-json\/wp\/v2\/types\/page"}],"author":[{"embeddable":true,"href":"https:\/\/www.vaga-camp.com\/en\/wp-json\/wp\/v2\/users\/1"}],"replies":[{"embeddable":true,"href":"https:\/\/www.vaga-camp.com\/en\/wp-json\/wp\/v2\/comments?post=2144"}],"version-history":[{"count":9,"href":"https:\/\/www.vaga-camp.com\/en\/wp-json\/wp\/v2\/pages\/2144\/revisions"}],"predecessor-version":[{"id":6814,"href":"https:\/\/www.vaga-camp.com\/en\/wp-json\/wp\/v2\/pages\/2144\/revisions\/6814"}],"wp:attachment":[{"href":"https:\/\/www.vaga-camp.com\/en\/wp-json\/wp\/v2\/media?parent=2144"}],"curies":[{"name":"wp","href":"https:\/\/api.w.org\/{rel}","templated":true}]}}