{"id":4682,"date":"2021-09-19T18:23:57","date_gmt":"2021-09-19T16:23:57","guid":{"rendered":"https:\/\/www.vaga-camp.com\/vaga-camps\/"},"modified":"2024-01-03T10:35:07","modified_gmt":"2024-01-03T09:35:07","slug":"vaga-camps","status":"publish","type":"page","link":"https:\/\/www.vaga-camp.com\/de\/vaga-camps\/","title":{"rendered":"Vaga Camps"},"content":{"rendered":"\t\t<div data-elementor-type=\"wp-page\" data-elementor-id=\"4682\" class=\"elementor elementor-4682 elementor-1103\" data-elementor-post-type=\"page\">\n\t\t\t\t\t\t<section class=\"elementor-section elementor-top-section elementor-element elementor-element-4a68422 elementor-section-boxed elementor-section-height-default elementor-section-height-default\" data-id=\"4a68422\" data-element_type=\"section\" data-e-type=\"section\">\n\t\t\t\t\t\t<div class=\"elementor-container elementor-column-gap-default\">\n\t\t\t\t\t<div class=\"elementor-column elementor-col-100 elementor-top-column elementor-element elementor-element-5afc672\" data-id=\"5afc672\" data-element_type=\"column\" data-e-type=\"column\">\n\t\t\t<div class=\"elementor-widget-wrap elementor-element-populated\">\n\t\t\t\t\t\t<div class=\"elementor-element elementor-element-ecdc46c elementor-widget elementor-widget-heading\" data-id=\"ecdc46c\" data-element_type=\"widget\" data-e-type=\"widget\" data-widget_type=\"heading.default\">\n\t\t\t\t<div class=\"elementor-widget-container\">\n\t\t\t\t\t<h1 class=\"elementor-heading-title elementor-size-default\">W\u00e4hlen Sie ein Camp <br><small>aus unserem Angebot<\/small><\/h1>\t\t\t\t<\/div>\n\t\t\t\t<\/div>\n\t\t\t\t<section class=\"elementor-section elementor-inner-section elementor-element elementor-element-8be06b3 elementor-section-boxed elementor-section-height-default elementor-section-height-default\" data-id=\"8be06b3\" data-element_type=\"section\" data-e-type=\"section\">\n\t\t\t\t\t\t<div class=\"elementor-container elementor-column-gap-default\">\n\t\t\t\t\t<div class=\"elementor-column elementor-col-50 elementor-inner-column elementor-element elementor-element-848204a\" data-id=\"848204a\" data-element_type=\"column\" data-e-type=\"column\">\n\t\t\t<div class=\"elementor-widget-wrap elementor-element-populated\">\n\t\t\t\t\t\t<div class=\"elementor-element elementor-element-ccd6dfd elementor-widget elementor-widget-image\" data-id=\"ccd6dfd\" data-element_type=\"widget\" data-e-type=\"widget\" data-widget_type=\"image.default\">\n\t\t\t\t<div class=\"elementor-widget-container\">\n\t\t\t\t\t\t\t\t\t\t\t\t\t\t\t\t<a href=\"https:\/\/www.vaga-camp.com\/de\/fruehlingscamp-hohen-tatra\/\">\n\t\t\t\t\t\t\t<img fetchpriority=\"high\" decoding=\"async\" width=\"1024\" height=\"683\" src=\"https:\/\/www.vaga-camp.com\/wp-content\/uploads\/running-v5-1024x683.jpg\" class=\"attachment-large size-large wp-image-1149\" alt=\"Running &amp; hiking camp\" srcset=\"https:\/\/www.vaga-camp.com\/wp-content\/uploads\/running-v5-1024x683.jpg 1024w, https:\/\/www.vaga-camp.com\/wp-content\/uploads\/running-v5-600x400.jpg 600w, https:\/\/www.vaga-camp.com\/wp-content\/uploads\/running-v5-300x200.jpg 300w, https:\/\/www.vaga-camp.com\/wp-content\/uploads\/running-v5-768x512.jpg 768w, https:\/\/www.vaga-camp.com\/wp-content\/uploads\/running-v5.jpg 1200w\" sizes=\"(max-width: 1024px) 100vw, 1024px\" \/>\t\t\t\t\t\t\t\t<\/a>\n\t\t\t\t\t\t\t\t\t\t\t\t\t\t\t<\/div>\n\t\t\t\t<\/div>\n\t\t\t\t\t<\/div>\n\t\t<\/div>\n\t\t\t\t<div class=\"elementor-column elementor-col-50 elementor-inner-column elementor-element elementor-element-1bbb99c\" data-id=\"1bbb99c\" data-element_type=\"column\" data-e-type=\"column\">\n\t\t\t<div class=\"elementor-widget-wrap elementor-element-populated\">\n\t\t\t\t\t\t<div class=\"elementor-element elementor-element-a4e9234 elementor-align-center elementor-widget elementor-widget-button\" data-id=\"a4e9234\" data-element_type=\"widget\" data-e-type=\"widget\" data-widget_type=\"button.default\">\n\t\t\t\t<div class=\"elementor-widget-container\">\n\t\t\t\t\t\t\t\t\t<div class=\"elementor-button-wrapper\">\n\t\t\t\t\t<a class=\"elementor-button elementor-button-link elementor-size-md\" href=\"https:\/\/www.vaga-camp.com\/de\/fruhlingscamp-liptov\/\" id=\"fruhlings-liptov\">\n\t\t\t\t\t\t<span class=\"elementor-button-content-wrapper\">\n\t\t\t\t\t\t\t\t\t<span class=\"elementor-button-text\">Fr\u00fchlingscamp in Liptov in der Niederen Tatra<\/span>\n\t\t\t\t\t<\/span>\n\t\t\t\t\t<\/a>\n\t\t\t\t<\/div>\n\t\t\t\t\t\t\t\t<\/div>\n\t\t\t\t<\/div>\n\t\t\t\t<div class=\"elementor-element elementor-element-3f14dd0 elementor-align-center elementor-widget elementor-widget-button\" data-id=\"3f14dd0\" data-element_type=\"widget\" data-e-type=\"widget\" data-widget_type=\"button.default\">\n\t\t\t\t<div class=\"elementor-widget-container\">\n\t\t\t\t\t\t\t\t\t<div class=\"elementor-button-wrapper\">\n\t\t\t\t\t<a class=\"elementor-button elementor-button-link elementor-size-md\" href=\"https:\/\/www.vaga-camp.com\/de\/fruehlingscamp-hohen-tatra\/\" id=\"fruhlings-hohen-tatra\">\n\t\t\t\t\t\t<span class=\"elementor-button-content-wrapper\">\n\t\t\t\t\t\t\t\t\t<span class=\"elementor-button-text\">Fr\u00fchlingscamp in der Hohen Tatra<\/span>\n\t\t\t\t\t<\/span>\n\t\t\t\t\t<\/a>\n\t\t\t\t<\/div>\n\t\t\t\t\t\t\t\t<\/div>\n\t\t\t\t<\/div>\n\t\t\t\t<div class=\"elementor-element elementor-element-6b30ef6 elementor-align-center elementor-widget elementor-widget-button\" data-id=\"6b30ef6\" data-element_type=\"widget\" data-e-type=\"widget\" data-widget_type=\"button.default\">\n\t\t\t\t<div class=\"elementor-widget-container\">\n\t\t\t\t\t\t\t\t\t<div class=\"elementor-button-wrapper\">\n\t\t\t\t\t<a class=\"elementor-button elementor-button-link elementor-size-md\" href=\"https:\/\/www.vaga-camp.com\/de\/camp-niederen-tatra\/\" id=\"niederen-tatra\">\n\t\t\t\t\t\t<span class=\"elementor-button-content-wrapper\">\n\t\t\t\t\t\t\t\t\t<span class=\"elementor-button-text\">Camp in der Niederen Tatra<\/span>\n\t\t\t\t\t<\/span>\n\t\t\t\t\t<\/a>\n\t\t\t\t<\/div>\n\t\t\t\t\t\t\t\t<\/div>\n\t\t\t\t<\/div>\n\t\t\t\t<div class=\"elementor-element elementor-element-d184464 elementor-align-center elementor-widget elementor-widget-button\" data-id=\"d184464\" data-element_type=\"widget\" data-e-type=\"widget\" data-widget_type=\"button.default\">\n\t\t\t\t<div class=\"elementor-widget-container\">\n\t\t\t\t\t\t\t\t\t<div class=\"elementor-button-wrapper\">\n\t\t\t\t\t<a class=\"elementor-button elementor-button-link elementor-size-md\" href=\"https:\/\/www.vaga-camp.com\/de\/sommer-camp-belaer-tatra\/\" id=\"sommer-belaer-tatra\">\n\t\t\t\t\t\t<span class=\"elementor-button-content-wrapper\">\n\t\t\t\t\t\t\t\t\t<span class=\"elementor-button-text\">Sommer camp Belaer Tatra <\/span>\n\t\t\t\t\t<\/span>\n\t\t\t\t\t<\/a>\n\t\t\t\t<\/div>\n\t\t\t\t\t\t\t\t<\/div>\n\t\t\t\t<\/div>\n\t\t\t\t<div class=\"elementor-element elementor-element-994bc79 elementor-align-center elementor-widget elementor-widget-button\" data-id=\"994bc79\" data-element_type=\"widget\" data-e-type=\"widget\" data-widget_type=\"button.default\">\n\t\t\t\t<div class=\"elementor-widget-container\">\n\t\t\t\t\t\t\t\t\t<div class=\"elementor-button-wrapper\">\n\t\t\t\t\t<a class=\"elementor-button elementor-button-link elementor-size-md\" href=\"https:\/\/www.vaga-camp.com\/de\/camp-westtatra\/\" id=\"westtatra\">\n\t\t\t\t\t\t<span class=\"elementor-button-content-wrapper\">\n\t\t\t\t\t\t\t\t\t<span class=\"elementor-button-text\">Camp in der Westtatra<\/span>\n\t\t\t\t\t<\/span>\n\t\t\t\t\t<\/a>\n\t\t\t\t<\/div>\n\t\t\t\t\t\t\t\t<\/div>\n\t\t\t\t<\/div>\n\t\t\t\t<div class=\"elementor-element elementor-element-45c9cec elementor-align-center elementor-widget elementor-widget-button\" data-id=\"45c9cec\" data-element_type=\"widget\" data-e-type=\"widget\" data-widget_type=\"button.default\">\n\t\t\t\t<div class=\"elementor-widget-container\">\n\t\t\t\t\t\t\t\t\t<div class=\"elementor-button-wrapper\">\n\t\t\t\t\t<a class=\"elementor-button elementor-button-link elementor-size-md\" href=\"https:\/\/www.vaga-camp.com\/de\/herbstcamp-belaer-tatra\/\" id=\"herbst-belaer-tatra\">\n\t\t\t\t\t\t<span class=\"elementor-button-content-wrapper\">\n\t\t\t\t\t\t\t\t\t<span class=\"elementor-button-text\">Herbstcamp in der Belaer Tatra<\/span>\n\t\t\t\t\t<\/span>\n\t\t\t\t\t<\/a>\n\t\t\t\t<\/div>\n\t\t\t\t\t\t\t\t<\/div>\n\t\t\t\t<\/div>\n\t\t\t\t<div class=\"elementor-element elementor-element-11a0a9e elementor-align-center elementor-widget elementor-widget-button\" data-id=\"11a0a9e\" data-element_type=\"widget\" data-e-type=\"widget\" data-widget_type=\"button.default\">\n\t\t\t\t<div class=\"elementor-widget-container\">\n\t\t\t\t\t\t\t\t\t<div class=\"elementor-button-wrapper\">\n\t\t\t\t\t<a class=\"elementor-button elementor-button-link elementor-size-md\" href=\"https:\/\/www.vaga-camp.com\/de\/herbst-camp-hohen-tatra\/\" id=\"herbst-hohen-tatra\">\n\t\t\t\t\t\t<span class=\"elementor-button-content-wrapper\">\n\t\t\t\t\t\t\t\t\t<span class=\"elementor-button-text\">HerbstCamp in der Hohen Tatra<\/span>\n\t\t\t\t\t<\/span>\n\t\t\t\t\t<\/a>\n\t\t\t\t<\/div>\n\t\t\t\t\t\t\t\t<\/div>\n\t\t\t\t<\/div>\n\t\t\t\t<div class=\"elementor-element elementor-element-3389042 elementor-align-center elementor-widget elementor-widget-button\" data-id=\"3389042\" data-element_type=\"widget\" data-e-type=\"widget\" data-widget_type=\"button.default\">\n\t\t\t\t<div class=\"elementor-widget-container\">\n\t\t\t\t\t\t\t\t\t<div class=\"elementor-button-wrapper\">\n\t\t\t\t\t<a class=\"elementor-button elementor-button-link elementor-size-md\" href=\"https:\/\/www.vaga-camp.com\/de\/kreta\/\" id=\"herbst-hohen-tatra\">\n\t\t\t\t\t\t<span class=\"elementor-button-content-wrapper\">\n\t\t\t\t\t\t\t\t\t<span class=\"elementor-button-text\">Kreta im Juni<\/span>\n\t\t\t\t\t<\/span>\n\t\t\t\t\t<\/a>\n\t\t\t\t<\/div>\n\t\t\t\t\t\t\t\t<\/div>\n\t\t\t\t<\/div>\n\t\t\t\t<div class=\"elementor-element elementor-element-50f4633 elementor-align-center elementor-widget elementor-widget-button\" data-id=\"50f4633\" data-element_type=\"widget\" data-e-type=\"widget\" data-widget_type=\"button.default\">\n\t\t\t\t<div class=\"elementor-widget-container\">\n\t\t\t\t\t\t\t\t\t<div class=\"elementor-button-wrapper\">\n\t\t\t\t\t<a class=\"elementor-button elementor-button-link elementor-size-md\" href=\"https:\/\/www.vaga-camp.com\/de\/kemp-v-oktobri-na-krete\/\" id=\"herbst-hohen-tatra\">\n\t\t\t\t\t\t<span class=\"elementor-button-content-wrapper\">\n\t\t\t\t\t\t\t\t\t<span class=\"elementor-button-text\">Kreta im Oktober<\/span>\n\t\t\t\t\t<\/span>\n\t\t\t\t\t<\/a>\n\t\t\t\t<\/div>\n\t\t\t\t\t\t\t\t<\/div>\n\t\t\t\t<\/div>\n\t\t\t\t\t<\/div>\n\t\t<\/div>\n\t\t\t\t\t<\/div>\n\t\t<\/section>\n\t\t\t\t<div class=\"elementor-element elementor-element-410478c elementor-widget elementor-widget-spacer\" data-id=\"410478c\" data-element_type=\"widget\" data-e-type=\"widget\" data-widget_type=\"spacer.default\">\n\t\t\t\t<div class=\"elementor-widget-container\">\n\t\t\t\t\t\t\t<div class=\"elementor-spacer\">\n\t\t\t<div class=\"elementor-spacer-inner\"><\/div>\n\t\t<\/div>\n\t\t\t\t\t\t<\/div>\n\t\t\t\t<\/div>\n\t\t\t\t\t<\/div>\n\t\t<\/div>\n\t\t\t\t\t<\/div>\n\t\t<\/section>\n\t\t\t\t<\/div>\n\t\t","protected":false},"excerpt":{"rendered":"<p>W\u00e4hlen Sie ein Camp aus unserem Angebot Fr\u00fchlingscamp in Liptov in der Niederen Tatra Fr\u00fchlingscamp in der Hohen Tatra Camp in der Niederen Tatra Sommer camp Belaer Tatra Camp in der Westtatra Herbstcamp in der Belaer Tatra HerbstCamp in der Hohen Tatra Kreta im Juni Kreta im Oktober<\/p>\n","protected":false},"author":2,"featured_media":3844,"parent":0,"menu_order":0,"comment_status":"closed","ping_status":"closed","template":"elementor_header_footer","meta":{"_monsterinsights_skip_tracking":false,"_monsterinsights_sitenote_active":false,"_monsterinsights_sitenote_note":"","_monsterinsights_sitenote_category":0,"footnotes":""},"class_list":["post-4682","page","type-page","status-publish","has-post-thumbnail","hentry"],"blocksy_meta":{"styles_descriptor":{"styles":{"desktop":"","tablet":"","mobile":""},"google_fonts":[],"version":6}},"yoast_head":"<!-- This site is optimized with the Yoast SEO plugin v26.8 - https:\/\/yoast.com\/product\/yoast-seo-wordpress\/ -->\n<title>Vaga Camps - VaGa Camp<\/title>\n<meta name=\"robots\" content=\"index, follow, max-snippet:-1, max-image-preview:large, max-video-preview:-1\" \/>\n<link rel=\"canonical\" href=\"https:\/\/www.vaga-camp.com\/en\/vaga-camps\/\" \/>\n<meta property=\"og:locale\" content=\"de_DE\" \/>\n<meta property=\"og:type\" content=\"article\" \/>\n<meta property=\"og:title\" content=\"Vaga Camps - VaGa Camp\" \/>\n<meta property=\"og:description\" content=\"W\u00e4hlen Sie ein Camp aus unserem Angebot Fr\u00fchlingscamp in Liptov in der Niederen Tatra Fr\u00fchlingscamp in der Hohen Tatra Camp in der Niederen Tatra Sommer camp Belaer Tatra Camp in der Westtatra Herbstcamp in der Belaer Tatra HerbstCamp in der Hohen Tatra Kreta im Juni Kreta im Oktober\" \/>\n<meta property=\"og:url\" content=\"https:\/\/www.vaga-camp.com\/en\/vaga-camps\/\" \/>\n<meta property=\"og:site_name\" content=\"VaGa Camp\" \/>\n<meta property=\"article:modified_time\" content=\"2024-01-03T09:35:07+00:00\" \/>\n<meta property=\"og:image\" content=\"https:\/\/www.vaga-camp.com\/wp-content\/uploads\/RUNNING-HIKING-CAMP-1-1.jpg\" \/>\n\t<meta property=\"og:image:width\" content=\"400\" \/>\n\t<meta property=\"og:image:height\" content=\"400\" \/>\n\t<meta property=\"og:image:type\" content=\"image\/jpeg\" \/>\n<meta name=\"twitter:card\" content=\"summary_large_image\" \/>\n<meta name=\"twitter:label1\" content=\"Gesch\u00e4tzte Lesezeit\" \/>\n\t<meta name=\"twitter:data1\" content=\"1\u00a0Minute\" \/>\n<script type=\"application\/ld+json\" class=\"yoast-schema-graph\">{\"@context\":\"https:\/\/schema.org\",\"@graph\":[{\"@type\":\"WebPage\",\"@id\":\"https:\/\/www.vaga-camp.com\/en\/vaga-camps\/\",\"url\":\"https:\/\/www.vaga-camp.com\/en\/vaga-camps\/\",\"name\":\"Vaga Camps - VaGa Camp\",\"isPartOf\":{\"@id\":\"https:\/\/www.vaga-camp.com\/#website\"},\"primaryImageOfPage\":{\"@id\":\"https:\/\/www.vaga-camp.com\/en\/vaga-camps\/#primaryimage\"},\"image\":{\"@id\":\"https:\/\/www.vaga-camp.com\/en\/vaga-camps\/#primaryimage\"},\"thumbnailUrl\":\"https:\/\/www.vaga-camp.com\/wp-content\/uploads\/RUNNING-HIKING-CAMP-1-1.jpg\",\"datePublished\":\"2021-09-19T16:23:57+00:00\",\"dateModified\":\"2024-01-03T09:35:07+00:00\",\"breadcrumb\":{\"@id\":\"https:\/\/www.vaga-camp.com\/en\/vaga-camps\/#breadcrumb\"},\"inLanguage\":\"de\",\"potentialAction\":[{\"@type\":\"ReadAction\",\"target\":[\"https:\/\/www.vaga-camp.com\/en\/vaga-camps\/\"]}]},{\"@type\":\"ImageObject\",\"inLanguage\":\"de\",\"@id\":\"https:\/\/www.vaga-camp.com\/en\/vaga-camps\/#primaryimage\",\"url\":\"https:\/\/www.vaga-camp.com\/wp-content\/uploads\/RUNNING-HIKING-CAMP-1-1.jpg\",\"contentUrl\":\"https:\/\/www.vaga-camp.com\/wp-content\/uploads\/RUNNING-HIKING-CAMP-1-1.jpg\",\"width\":400,\"height\":400,\"caption\":\"RUNNING &amp; HIKING CAMP\"},{\"@type\":\"BreadcrumbList\",\"@id\":\"https:\/\/www.vaga-camp.com\/en\/vaga-camps\/#breadcrumb\",\"itemListElement\":[{\"@type\":\"ListItem\",\"position\":1,\"name\":\"Domovsk\u00e1 str\u00e1nka\",\"item\":\"https:\/\/www.vaga-camp.com\/de\/\"},{\"@type\":\"ListItem\",\"position\":2,\"name\":\"Vaga Camps\"}]},{\"@type\":\"WebSite\",\"@id\":\"https:\/\/www.vaga-camp.com\/#website\",\"url\":\"https:\/\/www.vaga-camp.com\/\",\"name\":\"VaGa Camp\",\"description\":\"Sta\u0148 sa extr\u00e9mne v\u00fdnimo\u010dnou \u017eenou na v\u00fdnimo\u010dnom mieste\",\"publisher\":{\"@id\":\"https:\/\/www.vaga-camp.com\/#organization\"},\"potentialAction\":[{\"@type\":\"SearchAction\",\"target\":{\"@type\":\"EntryPoint\",\"urlTemplate\":\"https:\/\/www.vaga-camp.com\/?s={search_term_string}\"},\"query-input\":{\"@type\":\"PropertyValueSpecification\",\"valueRequired\":true,\"valueName\":\"search_term_string\"}}],\"inLanguage\":\"de\"},{\"@type\":\"Organization\",\"@id\":\"https:\/\/www.vaga-camp.com\/#organization\",\"name\":\"VaGa Agency\",\"url\":\"https:\/\/www.vaga-camp.com\/\",\"logo\":{\"@type\":\"ImageObject\",\"inLanguage\":\"de\",\"@id\":\"https:\/\/www.vaga-camp.com\/#\/schema\/logo\/image\/\",\"url\":\"https:\/\/www.vaga-camp.com\/wp-content\/uploads\/VaGa-Camp-1.png\",\"contentUrl\":\"https:\/\/www.vaga-camp.com\/wp-content\/uploads\/VaGa-Camp-1.png\",\"width\":500,\"height\":500,\"caption\":\"VaGa Agency\"},\"image\":{\"@id\":\"https:\/\/www.vaga-camp.com\/#\/schema\/logo\/image\/\"}}]}<\/script>\n<!-- \/ Yoast SEO plugin. -->","yoast_head_json":{"title":"Vaga Camps - VaGa Camp","robots":{"index":"index","follow":"follow","max-snippet":"max-snippet:-1","max-image-preview":"max-image-preview:large","max-video-preview":"max-video-preview:-1"},"canonical":"https:\/\/www.vaga-camp.com\/en\/vaga-camps\/","og_locale":"de_DE","og_type":"article","og_title":"Vaga Camps - VaGa Camp","og_description":"W\u00e4hlen Sie ein Camp aus unserem Angebot Fr\u00fchlingscamp in Liptov in der Niederen Tatra Fr\u00fchlingscamp in der Hohen Tatra Camp in der Niederen Tatra Sommer camp Belaer Tatra Camp in der Westtatra Herbstcamp in der Belaer Tatra HerbstCamp in der Hohen Tatra Kreta im Juni Kreta im Oktober","og_url":"https:\/\/www.vaga-camp.com\/en\/vaga-camps\/","og_site_name":"VaGa Camp","article_modified_time":"2024-01-03T09:35:07+00:00","og_image":[{"width":400,"height":400,"url":"https:\/\/www.vaga-camp.com\/wp-content\/uploads\/RUNNING-HIKING-CAMP-1-1.jpg","type":"image\/jpeg"}],"twitter_card":"summary_large_image","twitter_misc":{"Gesch\u00e4tzte Lesezeit":"1\u00a0Minute"},"schema":{"@context":"https:\/\/schema.org","@graph":[{"@type":"WebPage","@id":"https:\/\/www.vaga-camp.com\/en\/vaga-camps\/","url":"https:\/\/www.vaga-camp.com\/en\/vaga-camps\/","name":"Vaga Camps - VaGa Camp","isPartOf":{"@id":"https:\/\/www.vaga-camp.com\/#website"},"primaryImageOfPage":{"@id":"https:\/\/www.vaga-camp.com\/en\/vaga-camps\/#primaryimage"},"image":{"@id":"https:\/\/www.vaga-camp.com\/en\/vaga-camps\/#primaryimage"},"thumbnailUrl":"https:\/\/www.vaga-camp.com\/wp-content\/uploads\/RUNNING-HIKING-CAMP-1-1.jpg","datePublished":"2021-09-19T16:23:57+00:00","dateModified":"2024-01-03T09:35:07+00:00","breadcrumb":{"@id":"https:\/\/www.vaga-camp.com\/en\/vaga-camps\/#breadcrumb"},"inLanguage":"de","potentialAction":[{"@type":"ReadAction","target":["https:\/\/www.vaga-camp.com\/en\/vaga-camps\/"]}]},{"@type":"ImageObject","inLanguage":"de","@id":"https:\/\/www.vaga-camp.com\/en\/vaga-camps\/#primaryimage","url":"https:\/\/www.vaga-camp.com\/wp-content\/uploads\/RUNNING-HIKING-CAMP-1-1.jpg","contentUrl":"https:\/\/www.vaga-camp.com\/wp-content\/uploads\/RUNNING-HIKING-CAMP-1-1.jpg","width":400,"height":400,"caption":"RUNNING &amp; HIKING CAMP"},{"@type":"BreadcrumbList","@id":"https:\/\/www.vaga-camp.com\/en\/vaga-camps\/#breadcrumb","itemListElement":[{"@type":"ListItem","position":1,"name":"Domovsk\u00e1 str\u00e1nka","item":"https:\/\/www.vaga-camp.com\/de\/"},{"@type":"ListItem","position":2,"name":"Vaga Camps"}]},{"@type":"WebSite","@id":"https:\/\/www.vaga-camp.com\/#website","url":"https:\/\/www.vaga-camp.com\/","name":"VaGa Camp","description":"Sta\u0148 sa extr\u00e9mne v\u00fdnimo\u010dnou \u017eenou na v\u00fdnimo\u010dnom mieste","publisher":{"@id":"https:\/\/www.vaga-camp.com\/#organization"},"potentialAction":[{"@type":"SearchAction","target":{"@type":"EntryPoint","urlTemplate":"https:\/\/www.vaga-camp.com\/?s={search_term_string}"},"query-input":{"@type":"PropertyValueSpecification","valueRequired":true,"valueName":"search_term_string"}}],"inLanguage":"de"},{"@type":"Organization","@id":"https:\/\/www.vaga-camp.com\/#organization","name":"VaGa Agency","url":"https:\/\/www.vaga-camp.com\/","logo":{"@type":"ImageObject","inLanguage":"de","@id":"https:\/\/www.vaga-camp.com\/#\/schema\/logo\/image\/","url":"https:\/\/www.vaga-camp.com\/wp-content\/uploads\/VaGa-Camp-1.png","contentUrl":"https:\/\/www.vaga-camp.com\/wp-content\/uploads\/VaGa-Camp-1.png","width":500,"height":500,"caption":"VaGa Agency"},"image":{"@id":"https:\/\/www.vaga-camp.com\/#\/schema\/logo\/image\/"}}]}},"_links":{"self":[{"href":"https:\/\/www.vaga-camp.com\/de\/wp-json\/wp\/v2\/pages\/4682","targetHints":{"allow":["GET"]}}],"collection":[{"href":"https:\/\/www.vaga-camp.com\/de\/wp-json\/wp\/v2\/pages"}],"about":[{"href":"https:\/\/www.vaga-camp.com\/de\/wp-json\/wp\/v2\/types\/page"}],"author":[{"embeddable":true,"href":"https:\/\/www.vaga-camp.com\/de\/wp-json\/wp\/v2\/users\/2"}],"replies":[{"embeddable":true,"href":"https:\/\/www.vaga-camp.com\/de\/wp-json\/wp\/v2\/comments?post=4682"}],"version-history":[{"count":0,"href":"https:\/\/www.vaga-camp.com\/de\/wp-json\/wp\/v2\/pages\/4682\/revisions"}],"wp:featuredmedia":[{"embeddable":true,"href":"https:\/\/www.vaga-camp.com\/de\/wp-json\/wp\/v2\/media\/3844"}],"wp:attachment":[{"href":"https:\/\/www.vaga-camp.com\/de\/wp-json\/wp\/v2\/media?parent=4682"}],"curies":[{"name":"wp","href":"https:\/\/api.w.org\/{rel}","templated":true}]}}